{"id":2460,"date":"2020-10-06T13:23:02","date_gmt":"2020-10-06T13:23:02","guid":{"rendered":"https:\/\/afikim.org\/what-we-do\/centres-de-soutien-scolaire\/"},"modified":"2020-10-21T09:22:09","modified_gmt":"2020-10-21T09:22:09","slug":"centres-de-soutien-scolaire","status":"publish","type":"page","link":"https:\/\/afikim.org\/fr\/what-we-do\/centres-de-soutien-scolaire\/","title":{"rendered":"Centres de soutien scolaire"},"content":{"rendered":"\t\t<div data-elementor-type=\"wp-page\" data-elementor-id=\"2460\" class=\"elementor elementor-2460\" data-elementor-settings=\"[]\">\n\t\t\t\t\t\t<div class=\"elementor-inner\">\n\t\t\t\t\t\t\t<div class=\"elementor-section-wrap\">\n\t\t\t\t\t\t\t<section class=\"elementor-section elementor-top-section elementor-element elementor-element-64a1a06d elementor-section-full_width elementor-section-height-min-height elementor-section-items-stretch elementor-reverse-tablet elementor-reverse-mobile elementor-section-height-default\" data-id=\"64a1a06d\" data-element_type=\"section\">\n\t\t\t\t\t\t<div class=\"elementor-container elementor-column-gap-default\">\n\t\t\t\t\t\t\t<div class=\"elementor-row\">\n\t\t\t\t\t<div class=\"elementor-column elementor-col-50 elementor-top-column elementor-element elementor-element-3964b02e\" data-id=\"3964b02e\" data-element_type=\"column\" data-settings=\"{&quot;background_background&quot;:&quot;classic&quot;}\">\n\t\t\t<div class=\"elementor-column-wrap elementor-element-populated\">\n\t\t\t\t\t\t\t<div class=\"elementor-widget-wrap\">\n\t\t\t\t\t\t<div class=\"elementor-element elementor-element-b81fa95 elementor-widget elementor-widget-heading\" data-id=\"b81fa95\" data-element_type=\"widget\" data-widget_type=\"heading.default\">\n\t\t\t\t<div class=\"elementor-widget-container\">\n\t\t\t<h1 class=\"elementor-heading-title elementor-size-default\">Centres de soutien scolaire<\/h1>\t\t<\/div>\n\t\t\t\t<\/div>\n\t\t\t\t<div class=\"elementor-element elementor-element-cd0a570 elementor-widget elementor-widget-text-editor\" data-id=\"cd0a570\" data-element_type=\"widget\" data-widget_type=\"text-editor.default\">\n\t\t\t\t<div class=\"elementor-widget-container\">\n\t\t\t\t\t\t\t\t<div class=\"elementor-text-editor elementor-clearfix\">\n\t\t\t\t\t<p>Lorem ipsum dolor sit amet, consectetur adipiscing elit, sed do eiusmod tempor incididunt ut labore et dolore magna aliqua. Ut enim ad minim veniam, quis nostrud exercitation ullamco laboris nisi ut aliquip ex ea commodo consequat.<\/p>\n\t\t\t\t\t<\/div>\n\t\t\t\t\t\t<\/div>\n\t\t\t\t<\/div>\n\t\t\t\t\t\t<\/div>\n\t\t\t\t\t<\/div>\n\t\t<\/div>\n\t\t\t\t<div class=\"elementor-column elementor-col-50 elementor-top-column elementor-element elementor-element-62a6baa7 top-img\" data-id=\"62a6baa7\" data-element_type=\"column\" data-settings=\"{&quot;background_background&quot;:&quot;classic&quot;}\">\n\t\t\t<div class=\"elementor-column-wrap elementor-element-populated\">\n\t\t\t\t\t\t\t<div class=\"elementor-widget-wrap\">\n\t\t\t\t\t\t<div class=\"elementor-element elementor-element-58c63bd2 elementor-widget elementor-widget-spacer\" data-id=\"58c63bd2\" data-element_type=\"widget\" data-widget_type=\"spacer.default\">\n\t\t\t\t<div class=\"elementor-widget-container\">\n\t\t\t\t\t<div class=\"elementor-spacer\">\n\t\t\t<div class=\"elementor-spacer-inner\"><\/div>\n\t\t<\/div>\n\t\t\t\t<\/div>\n\t\t\t\t<\/div>\n\t\t\t\t\t\t<\/div>\n\t\t\t\t\t<\/div>\n\t\t<\/div>\n\t\t\t\t\t\t\t\t<\/div>\n\t\t\t\t\t<\/div>\n\t\t<\/section>\n\t\t\t\t<section class=\"elementor-section elementor-top-section elementor-element elementor-element-7eed3efa elementor-section-boxed elementor-section-height-default elementor-section-height-default\" data-id=\"7eed3efa\" data-element_type=\"section\">\n\t\t\t\t\t\t<div class=\"elementor-container elementor-column-gap-default\">\n\t\t\t\t\t\t\t<div class=\"elementor-row\">\n\t\t\t\t\t<div class=\"elementor-column elementor-col-50 elementor-top-column elementor-element elementor-element-2cb61ad3\" data-id=\"2cb61ad3\" data-element_type=\"column\">\n\t\t\t<div class=\"elementor-column-wrap elementor-element-populated\">\n\t\t\t\t\t\t\t<div class=\"elementor-widget-wrap\">\n\t\t\t\t\t\t<div class=\"elementor-element elementor-element-47b7b227 elementor-widget elementor-widget-heading\" data-id=\"47b7b227\" data-element_type=\"widget\" data-widget_type=\"heading.default\">\n\t\t\t\t<div class=\"elementor-widget-container\">\n\t\t\t<h2 class=\"elementor-heading-title elementor-size-default\">Ce que nous faisons<\/h2>\t\t<\/div>\n\t\t\t\t<\/div>\n\t\t\t\t<div class=\"elementor-element elementor-element-72e987b5 elementor-nav-menu--dropdown-none inner-page-nav elementor-nav-menu--indicator-classic elementor-widget elementor-widget-nav-menu\" data-id=\"72e987b5\" data-element_type=\"widget\" data-settings=\"{&quot;layout&quot;:&quot;vertical&quot;}\" data-widget_type=\"nav-menu.default\">\n\t\t\t\t<div class=\"elementor-widget-container\">\n\t\t\t\t\t\t<nav role=\"navigation\" class=\"elementor-nav-menu--main elementor-nav-menu__container elementor-nav-menu--layout-vertical e--pointer-none\"><ul id=\"menu-1-72e987b5\" class=\"elementor-nav-menu sm-vertical\"><li class=\"menu-item menu-item-type-post_type menu-item-object-page menu-item-2900\"><a href=\"https:\/\/afikim.org\/fr\/what-we-do\/centres-de-soutien-scolaire\/\" class=\"elementor-item\">Centres de soutien scolaire<\/a><\/li>\n<li class=\"menu-item menu-item-type-post_type menu-item-object-page menu-item-2901\"><a href=\"https:\/\/afikim.org\/fr\/what-we-do\/lecole-des-parents\/\" class=\"elementor-item\">L\u2019Ecole des Parents<\/a><\/li>\n<li class=\"menu-item menu-item-type-post_type menu-item-object-page menu-item-4598\"><a href=\"https:\/\/afikim.org\/fr\/what-we-do\/programme-scolaire\/\" class=\"elementor-item\">Programme scolaire<\/a><\/li>\n<li class=\"menu-item menu-item-type-post_type menu-item-object-page menu-item-2905\"><a href=\"https:\/\/afikim.org\/fr\/what-we-do\/programme-scolaire\/formation-professionnelle-pour-les-parents\/\" class=\"elementor-item\">Formation professionnelle pour les Parents<\/a><\/li>\n<li class=\"menu-item menu-item-type-post_type menu-item-object-page menu-item-2903\"><a href=\"https:\/\/afikim.org\/fr\/what-we-do\/programme-scolaire\/activites-extrascolaires\/\" class=\"elementor-item\">Activites extrascolaires<\/a><\/li>\n<li class=\"menu-item menu-item-type-post_type menu-item-object-page menu-item-2904\"><a href=\"https:\/\/afikim.org\/fr\/what-we-do\/programme-scolaire\/cours-dinformatique\/\" class=\"elementor-item\">Cours d\u2019Informatique<\/a><\/li>\n<li class=\"menu-item menu-item-type-post_type menu-item-object-page menu-item-2906\"><a href=\"https:\/\/afikim.org\/fr\/what-we-do\/une-bonne-alimentation-pour-bien-penser\/\" class=\"elementor-item\">Une bonne alimentation pour bien penser<\/a><\/li>\n<li class=\"menu-item menu-item-type-post_type menu-item-object-page menu-item-2907\"><a href=\"https:\/\/afikim.org\/fr\/what-we-do\/afikim-pour-le-plaisir\/\" class=\"elementor-item\">Afikim pour le Plaisir<\/a><\/li>\n<\/ul><\/nav>\n\t\t\t\t\t<div class=\"elementor-menu-toggle\" role=\"button\" tabindex=\"0\" aria-label=\"Permuter le menu\" aria-expanded=\"false\">\n\t\t\t<i class=\"eicon-menu-bar\" aria-hidden=\"true\"><\/i>\n\t\t\t<span class=\"elementor-screen-only\">Menu<\/span>\n\t\t<\/div>\n\t\t\t<nav class=\"elementor-nav-menu--dropdown elementor-nav-menu__container\" role=\"navigation\" aria-hidden=\"true\"><ul id=\"menu-2-72e987b5\" class=\"elementor-nav-menu sm-vertical\"><li class=\"menu-item menu-item-type-post_type menu-item-object-page menu-item-2900\"><a href=\"https:\/\/afikim.org\/fr\/what-we-do\/centres-de-soutien-scolaire\/\" class=\"elementor-item\">Centres de soutien scolaire<\/a><\/li>\n<li class=\"menu-item menu-item-type-post_type menu-item-object-page menu-item-2901\"><a href=\"https:\/\/afikim.org\/fr\/what-we-do\/lecole-des-parents\/\" class=\"elementor-item\">L\u2019Ecole des Parents<\/a><\/li>\n<li class=\"menu-item menu-item-type-post_type menu-item-object-page menu-item-4598\"><a href=\"https:\/\/afikim.org\/fr\/what-we-do\/programme-scolaire\/\" class=\"elementor-item\">Programme scolaire<\/a><\/li>\n<li class=\"menu-item menu-item-type-post_type menu-item-object-page menu-item-2905\"><a href=\"https:\/\/afikim.org\/fr\/what-we-do\/programme-scolaire\/formation-professionnelle-pour-les-parents\/\" class=\"elementor-item\">Formation professionnelle pour les Parents<\/a><\/li>\n<li class=\"menu-item menu-item-type-post_type menu-item-object-page menu-item-2903\"><a href=\"https:\/\/afikim.org\/fr\/what-we-do\/programme-scolaire\/activites-extrascolaires\/\" class=\"elementor-item\">Activites extrascolaires<\/a><\/li>\n<li class=\"menu-item menu-item-type-post_type menu-item-object-page menu-item-2904\"><a href=\"https:\/\/afikim.org\/fr\/what-we-do\/programme-scolaire\/cours-dinformatique\/\" class=\"elementor-item\">Cours d\u2019Informatique<\/a><\/li>\n<li class=\"menu-item menu-item-type-post_type menu-item-object-page menu-item-2906\"><a href=\"https:\/\/afikim.org\/fr\/what-we-do\/une-bonne-alimentation-pour-bien-penser\/\" class=\"elementor-item\">Une bonne alimentation pour bien penser<\/a><\/li>\n<li class=\"menu-item menu-item-type-post_type menu-item-object-page menu-item-2907\"><a href=\"https:\/\/afikim.org\/fr\/what-we-do\/afikim-pour-le-plaisir\/\" class=\"elementor-item\">Afikim pour le Plaisir<\/a><\/li>\n<\/ul><\/nav>\n\t\t\t\t<\/div>\n\t\t\t\t<\/div>\n\t\t\t\t\t\t<\/div>\n\t\t\t\t\t<\/div>\n\t\t<\/div>\n\t\t\t\t<div class=\"elementor-column elementor-col-50 elementor-top-column elementor-element elementor-element-665c36c5\" data-id=\"665c36c5\" data-element_type=\"column\">\n\t\t\t<div class=\"elementor-column-wrap elementor-element-populated\">\n\t\t\t\t\t\t\t<div class=\"elementor-widget-wrap\">\n\t\t\t\t\t\t<div class=\"elementor-element elementor-element-2dfc949 elementor-widget elementor-widget-heading\" data-id=\"2dfc949\" data-element_type=\"widget\" data-widget_type=\"heading.default\">\n\t\t\t\t<div class=\"elementor-widget-container\">\n\t\t\t<h2 class=\"elementor-heading-title elementor-size-default\">Les centres Afikim sont chaleureux.<\/h2>\t\t<\/div>\n\t\t\t\t<\/div>\n\t\t\t\t<div class=\"elementor-element elementor-element-621312dc elementor-widget elementor-widget-text-editor\" data-id=\"621312dc\" data-element_type=\"widget\" data-widget_type=\"text-editor.default\">\n\t\t\t\t<div class=\"elementor-widget-container\">\n\t\t\t\t\t\t\t\t<div class=\"elementor-text-editor elementor-clearfix\">\n\t\t\t\t\t<p>L&rsquo;enseignement acad\u00e9mique se conjugue avec des activit\u00e9s extrascolaires afin que les enfants puissent acqu\u00e9rir une meilleure confiance en soi et des outils qui leurs permettront de se sentir en l&rsquo;aise dans leur vie sociale. Le programme enseign\u00e9 concerne la classe de CE2 jusqu&rsquo;\u00e0 celle de 4\u00e8me. Pendant six ans, Afikim permet aux enfants de se mettre \u00e0 niveau afin de r\u00e9ussir leur scolarit\u00e9, int\u00e9grer l&rsquo;arm\u00e9e et enfin, devenir des membres actifs de la soci\u00e9t\u00e9.<\/p>\n<p>&nbsp;<\/p>\n\t\t\t\t\t<\/div>\n\t\t\t\t\t\t<\/div>\n\t\t\t\t<\/div>\n\t\t\t\t<div class=\"elementor-element elementor-element-39cba6a elementor-widget elementor-widget-text-editor\" data-id=\"39cba6a\" data-element_type=\"widget\" data-widget_type=\"text-editor.default\">\n\t\t\t\t<div class=\"elementor-widget-container\">\n\t\t\t\t\t\t\t\t<div class=\"elementor-text-editor elementor-clearfix\">\n\t\t\t\t\t<p><strong>Emploi du temps Chaque jour, 4 jours par semaines, le programme se d\u00e9roule ainsi:<\/strong><\/p>\n<ul>\n<li>Un repas chaud<\/li>\n<li>2 heures (soit au total 48 heures par mois) de cours de rattrapage en math, anglais et h\u00e9breu (lecture, compr\u00e9hension, expression) donn\u00e9s par des enseignants professionnels en petits groupes<\/li>\n<li>Une heure de cours de civisme, morale et \u00ab\u00a0jeux de r\u00f4le\u00a0\u00bb<\/li>\n<li>Une heure par semaine de musique ou th\u00e9\u00e2tre, sports ou art martial<\/li>\n<li>D\u00eener l\u00e9ger<\/li>\n<\/ul>\n<p><strong><a href=\"http:\/\/www.afikim.org\/donation_f.php\">R\u00e9pondre aux besoins de chaque enfant<\/a><\/strong><\/p>\n<p>Les centres Afikim sont dirig\u00e9s par des coordinateurs dont la fonction consiste \u00e0 faire le lien entre les parents d&rsquo;\u00e9l\u00e8ves et les enseignants. Dans le but de rechercher la meilleure fa\u00e7on d&rsquo;aider les enfants, les coordinateurs font de fr\u00e9quentes visites \u00e0 domicile pour mieux \u00e9valuer la situation et les besoins des enfants. Ils s&rsquo;assurent que chaque enfant poss\u00e8de les fournitures scolaires et les v\u00eatements suffisants pour aller en classe.<\/p>\n\t\t\t\t\t<\/div>\n\t\t\t\t\t\t<\/div>\n\t\t\t\t<\/div>\n\t\t\t\t<div class=\"elementor-element elementor-element-e43099e elementor-widget elementor-widget-text-editor\" data-id=\"e43099e\" data-element_type=\"widget\" data-widget_type=\"text-editor.default\">\n\t\t\t\t<div class=\"elementor-widget-container\">\n\t\t\t\t\t\t\t\t<div class=\"elementor-text-editor elementor-clearfix\">\n\t\t\t\t\t<div class=\"col span_2_of_3\">\n<div>\n<p>Notre programme nous donne l&rsquo;obligation d&rsquo;\u00e9valuer constamment les progr\u00e8s de chaque enfant et d&rsquo;informer les parents d&rsquo;\u00e9l\u00e8ves des r\u00e9sultats de leurs enfants.<\/p>\n<\/div>\n<\/div>\n<div class=\"col span_1_of_3\">\n<div class=\"sidefeature\">\n<div class=\"sidefeature nbg\">\u00a0<\/div>\n<\/div>\n<\/div>\n\t\t\t\t\t<\/div>\n\t\t\t\t\t\t<\/div>\n\t\t\t\t<\/div>\n\t\t\t\t\t\t<\/div>\n\t\t\t\t\t<\/div>\n\t\t<\/div>\n\t\t\t\t\t\t\t\t<\/div>\n\t\t\t\t\t<\/div>\n\t\t<\/section>\n\t\t\t\t<section class=\"elementor-section elementor-top-section elementor-element elementor-element-32c540b7 elementor-section-full_width elementor-section-height-default elementor-section-height-default\" data-id=\"32c540b7\" data-element_type=\"section\">\n\t\t\t\t\t\t<div class=\"elementor-container elementor-column-gap-default\">\n\t\t\t\t\t\t\t<div class=\"elementor-row\">\n\t\t\t\t\t<div class=\"elementor-column elementor-col-100 elementor-top-column elementor-element elementor-element-7f6533ed\" data-id=\"7f6533ed\" data-element_type=\"column\">\n\t\t\t<div class=\"elementor-column-wrap elementor-element-populated\">\n\t\t\t\t\t\t\t<div class=\"elementor-widget-wrap\">\n\t\t\t\t\t\t<div class=\"elementor-element elementor-element-5c77024a elementor-widget elementor-widget-template\" data-id=\"5c77024a\" data-element_type=\"widget\" data-widget_type=\"template.default\">\n\t\t\t\t<div class=\"elementor-widget-container\">\n\t\t\t\t\t<div class=\"elementor-template\">\n\t\t\t\t\t<div data-elementor-type=\"section\" data-elementor-id=\"222\" class=\"elementor elementor-222\" data-elementor-settings=\"[]\">\n\t\t<div class=\"elementor-section-wrap\">\n\t\t\t\t\t<section class=\"elementor-section elementor-top-section elementor-element elementor-element-3c31a1e0 elementor-section-height-min-height elementor-section-boxed elementor-section-height-default elementor-section-items-middle\" data-id=\"3c31a1e0\" data-element_type=\"section\" data-settings=\"{&quot;background_background&quot;:&quot;classic&quot;}\">\n\t\t\t\t\t\t\t<div class=\"elementor-background-overlay\"><\/div>\n\t\t\t\t\t\t\t<div class=\"elementor-container elementor-column-gap-default\">\n\t\t\t\t\t\t\t<div class=\"elementor-row\">\n\t\t\t\t\t<div class=\"elementor-column elementor-col-100 elementor-top-column elementor-element elementor-element-bc5cd99\" data-id=\"bc5cd99\" data-element_type=\"column\">\n\t\t\t<div class=\"elementor-column-wrap elementor-element-populated\">\n\t\t\t\t\t\t\t<div class=\"elementor-widget-wrap\">\n\t\t\t\t\t\t<div class=\"elementor-element elementor-element-4474ae72 elementor-widget elementor-widget-heading\" data-id=\"4474ae72\" data-element_type=\"widget\" data-widget_type=\"heading.default\">\n\t\t\t\t<div class=\"elementor-widget-container\">\n\t\t\t<h2 class=\"elementor-heading-title elementor-size-default\">We need your help!<\/h2>\t\t<\/div>\n\t\t\t\t<\/div>\n\t\t\t\t<div class=\"elementor-element elementor-element-c3fe649 elementor-blockquote--skin-clean elementor-blockquote--align-center elementor-blockquote--button-color-official elementor-widget elementor-widget-blockquote\" data-id=\"c3fe649\" data-element_type=\"widget\" data-widget_type=\"blockquote.default\">\n\t\t\t\t<div class=\"elementor-widget-container\">\n\t\t\t\t\t<blockquote class=\"elementor-blockquote\">\n\t\t\t<p class=\"elementor-blockquote__content\">\n\t\t\t\tLove, joy & happiness \u2013 these are the gifts the children receive at the Afikim center. Not to mention \u2013 attention, kindness, a comforting atmosphere, academic help and, of course, a warm meal. \n\t\t\t<\/p>\n\t\t\t\t\t<\/blockquote>\n\t\t\t\t<\/div>\n\t\t\t\t<\/div>\n\t\t\t\t<div class=\"elementor-element elementor-element-1f924a89 elementor-align-justify elementor-widget__width-initial elementor-widget elementor-widget-button\" data-id=\"1f924a89\" data-element_type=\"widget\" data-widget_type=\"button.default\">\n\t\t\t\t<div class=\"elementor-widget-container\">\n\t\t\t\t\t<div class=\"elementor-button-wrapper\">\n\t\t\t<a href=\"https:\/\/afikim.org\/donate\/\" class=\"elementor-button-link elementor-button elementor-size-sm\" role=\"button\">\n\t\t\t\t\t\t<span class=\"elementor-button-content-wrapper\">\n\t\t\t\t\t\t<span class=\"elementor-button-text\">Donate today<\/span>\n\t\t<\/span>\n\t\t\t\t\t<\/a>\n\t\t<\/div>\n\t\t\t\t<\/div>\n\t\t\t\t<\/div>\n\t\t\t\t\t\t<\/div>\n\t\t\t\t\t<\/div>\n\t\t<\/div>\n\t\t\t\t\t\t\t\t<\/div>\n\t\t\t\t\t<\/div>\n\t\t<\/section>\n\t\t\t\t<\/div>\n\t\t<\/div>\n\t\t\t\t<\/div>\n\t\t\t\t<\/div>\n\t\t\t\t<\/div>\n\t\t\t\t\t\t<\/div>\n\t\t\t\t\t<\/div>\n\t\t<\/div>\n\t\t\t\t\t\t\t\t<\/div>\n\t\t\t\t\t<\/div>\n\t\t<\/section>\n\t\t\t\t<section class=\"elementor-section elementor-top-section elementor-element elementor-element-74e64a02 elementor-section-full_width elementor-section-height-default elementor-section-height-default\" data-id=\"74e64a02\" data-element_type=\"section\">\n\t\t\t\t\t\t<div class=\"elementor-container elementor-column-gap-default\">\n\t\t\t\t\t\t\t<div class=\"elementor-row\">\n\t\t\t\t\t<div class=\"elementor-column elementor-col-100 elementor-top-column elementor-element elementor-element-5176b9b1\" data-id=\"5176b9b1\" data-element_type=\"column\">\n\t\t\t<div class=\"elementor-column-wrap elementor-element-populated\">\n\t\t\t\t\t\t\t<div class=\"elementor-widget-wrap\">\n\t\t\t\t\t\t<div class=\"elementor-element elementor-element-11a89525 elementor-widget elementor-widget-template\" data-id=\"11a89525\" data-element_type=\"widget\" data-widget_type=\"template.default\">\n\t\t\t\t<div class=\"elementor-widget-container\">\n\t\t\t\t\t<div class=\"elementor-template\">\n\t\t\t\t\t<div data-elementor-type=\"section\" data-elementor-id=\"225\" class=\"elementor elementor-225\" data-elementor-settings=\"[]\">\n\t\t<div class=\"elementor-section-wrap\">\n\t\t\t\t\t<section class=\"elementor-section elementor-top-section elementor-element elementor-element-75b30fd7 elementor-section-boxed elementor-section-height-default elementor-section-height-default\" data-id=\"75b30fd7\" data-element_type=\"section\">\n\t\t\t\t\t\t<div class=\"elementor-container elementor-column-gap-default\">\n\t\t\t\t\t\t\t<div class=\"elementor-row\">\n\t\t\t\t\t<div class=\"elementor-column elementor-col-100 elementor-top-column elementor-element elementor-element-4364ef38\" data-id=\"4364ef38\" data-element_type=\"column\">\n\t\t\t<div class=\"elementor-column-wrap elementor-element-populated\">\n\t\t\t\t\t\t\t<div class=\"elementor-widget-wrap\">\n\t\t\t\t\t\t<div class=\"elementor-element elementor-element-1c13b848 elementor-widget__width-auto elementor-widget elementor-widget-heading\" data-id=\"1c13b848\" data-element_type=\"widget\" data-widget_type=\"heading.default\">\n\t\t\t\t<div class=\"elementor-widget-container\">\n\t\t\t<h2 class=\"elementor-heading-title elementor-size-default\">News &  Updates<\/h2>\t\t<\/div>\n\t\t\t\t<\/div>\n\t\t\t\t<div class=\"elementor-element elementor-element-72cce7f1 home-posts elementor-grid-3 elementor-grid-tablet-2 elementor-grid-mobile-1 elementor-posts--thumbnail-top elementor-widget elementor-widget-posts\" data-id=\"72cce7f1\" data-element_type=\"widget\" data-settings=\"{&quot;classic_row_gap&quot;:{&quot;unit&quot;:&quot;px&quot;,&quot;size&quot;:20,&quot;sizes&quot;:[]},&quot;classic_columns&quot;:&quot;3&quot;,&quot;classic_columns_tablet&quot;:&quot;2&quot;,&quot;classic_columns_mobile&quot;:&quot;1&quot;}\" data-widget_type=\"posts.classic\">\n\t\t\t\t<div class=\"elementor-widget-container\">\n\t\t\t\t\t<div class=\"elementor-posts-container elementor-posts elementor-posts--skin-classic elementor-grid\">\n\t\t\t\t<article class=\"elementor-post elementor-grid-item post-3348 post type-post status-publish format-standard has-post-thumbnail hentry category-news-fr\">\n\t\t\t\t<a class=\"elementor-post__thumbnail__link\" href=\"https:\/\/afikim.org\/fr\/un-chabbat-plein-dexception-a-la-grande-synagogue-de-la-victoire\/\" >\n\t\t\t<div class=\"elementor-post__thumbnail\"><img width=\"640\" height=\"427\" src=\"https:\/\/afikim.org\/wp-content\/uploads\/2020\/10\/0901.jpg\" class=\"attachment-full size-full\" alt=\"\" loading=\"lazy\" srcset=\"https:\/\/afikim.org\/wp-content\/uploads\/2020\/10\/0901.jpg 640w, https:\/\/afikim.org\/wp-content\/uploads\/2020\/10\/0901-600x400.jpg 600w, https:\/\/afikim.org\/wp-content\/uploads\/2020\/10\/0901-300x200.jpg 300w\" sizes=\"(max-width: 640px) 100vw, 640px\" \/><\/div>\n\t\t<\/a>\n\t\t\t\t<div class=\"elementor-post__text\">\n\t\t\t\t<h3 class=\"elementor-post__title\">\n\t\t\t<a href=\"https:\/\/afikim.org\/fr\/un-chabbat-plein-dexception-a-la-grande-synagogue-de-la-victoire\/\" >\n\t\t\t\tUn Chabbat plein d&rsquo;exception \u00e0 la Grande synagogue de la Victoire\t\t\t<\/a>\n\t\t<\/h3>\n\t\t\t\t<div class=\"elementor-post__meta-data\">\n\t\t\t\t\t<span class=\"elementor-post-date\">\n\t\t\toctobre 19, 2020\t\t<\/span>\n\t\t\t\t<\/div>\n\t\t\t\t\t<a class=\"elementor-post__read-more\" href=\"https:\/\/afikim.org\/fr\/un-chabbat-plein-dexception-a-la-grande-synagogue-de-la-victoire\/\" >\n\t\t\t\tRead More\t\t\t<\/a>\n\t\t\t\t<\/div>\n\t\t\t\t<\/article>\n\t\t\t\t<article class=\"elementor-post elementor-grid-item post-3347 post type-post status-publish format-standard has-post-thumbnail hentry category-news-fr\">\n\t\t\t\t<a class=\"elementor-post__thumbnail__link\" href=\"https:\/\/afikim.org\/fr\/a-la-memoire-de-rabbi-dr-azriel-abshil-ben-nahoum-et-pnina-kreiman-zal\/\" >\n\t\t\t<div class=\"elementor-post__thumbnail\"><img width=\"330\" height=\"230\" src=\"https:\/\/afikim.org\/wp-content\/uploads\/2020\/10\/0928-2.jpg\" class=\"attachment-full size-full\" alt=\"\" loading=\"lazy\" srcset=\"https:\/\/afikim.org\/wp-content\/uploads\/2020\/10\/0928-2.jpg 330w, https:\/\/afikim.org\/wp-content\/uploads\/2020\/10\/0928-2-300x209.jpg 300w\" sizes=\"(max-width: 330px) 100vw, 330px\" \/><\/div>\n\t\t<\/a>\n\t\t\t\t<div class=\"elementor-post__text\">\n\t\t\t\t<h3 class=\"elementor-post__title\">\n\t\t\t<a href=\"https:\/\/afikim.org\/fr\/a-la-memoire-de-rabbi-dr-azriel-abshil-ben-nahoum-et-pnina-kreiman-zal\/\" >\n\t\t\t\tA la m\u00e9moire de Rabbi Dr Azriel Abshil ben Nahoum et Pnina Kreiman \u00ab\u00a0zal\u00a0\u00bb\t\t\t<\/a>\n\t\t<\/h3>\n\t\t\t\t<div class=\"elementor-post__meta-data\">\n\t\t\t\t\t<span class=\"elementor-post-date\">\n\t\t\tjanvier 12, 2014\t\t<\/span>\n\t\t\t\t<\/div>\n\t\t\t\t\t<a class=\"elementor-post__read-more\" href=\"https:\/\/afikim.org\/fr\/a-la-memoire-de-rabbi-dr-azriel-abshil-ben-nahoum-et-pnina-kreiman-zal\/\" >\n\t\t\t\tRead More\t\t\t<\/a>\n\t\t\t\t<\/div>\n\t\t\t\t<\/article>\n\t\t\t\t<article class=\"elementor-post elementor-grid-item post-3353 post type-post status-publish format-standard has-post-thumbnail hentry category-news-fr\">\n\t\t\t\t<a class=\"elementor-post__thumbnail__link\" href=\"https:\/\/afikim.org\/fr\/concert-carlebach-a-boulogne\/\" >\n\t\t\t<div class=\"elementor-post__thumbnail\"><img width=\"640\" height=\"879\" src=\"https:\/\/afikim.org\/wp-content\/uploads\/2020\/10\/0808.jpg\" class=\"attachment-full size-full\" alt=\"\" loading=\"lazy\" srcset=\"https:\/\/afikim.org\/wp-content\/uploads\/2020\/10\/0808.jpg 640w, https:\/\/afikim.org\/wp-content\/uploads\/2020\/10\/0808-600x824.jpg 600w, https:\/\/afikim.org\/wp-content\/uploads\/2020\/10\/0808-218x300.jpg 218w\" sizes=\"(max-width: 640px) 100vw, 640px\" \/><\/div>\n\t\t<\/a>\n\t\t\t\t<div class=\"elementor-post__text\">\n\t\t\t\t<h3 class=\"elementor-post__title\">\n\t\t\t<a href=\"https:\/\/afikim.org\/fr\/concert-carlebach-a-boulogne\/\" >\n\t\t\t\tConcert Carlebach \u00e0 Boulogne\t\t\t<\/a>\n\t\t<\/h3>\n\t\t\t\t<div class=\"elementor-post__meta-data\">\n\t\t\t\t\t<span class=\"elementor-post-date\">\n\t\t\toctobre 18, 2012\t\t<\/span>\n\t\t\t\t<\/div>\n\t\t\t\t\t<a class=\"elementor-post__read-more\" href=\"https:\/\/afikim.org\/fr\/concert-carlebach-a-boulogne\/\" >\n\t\t\t\tRead More\t\t\t<\/a>\n\t\t\t\t<\/div>\n\t\t\t\t<\/article>\n\t\t\t\t<\/div>\n\t\t\t\t<\/div>\n\t\t\t\t<\/div>\n\t\t\t\t\t\t<\/div>\n\t\t\t\t\t<\/div>\n\t\t<\/div>\n\t\t\t\t\t\t\t\t<\/div>\n\t\t\t\t\t<\/div>\n\t\t<\/section>\n\t\t\t\t<\/div>\n\t\t<\/div>\n\t\t\t\t<\/div>\n\t\t\t\t<\/div>\n\t\t\t\t<\/div>\n\t\t\t\t\t\t<\/div>\n\t\t\t\t\t<\/div>\n\t\t<\/div>\n\t\t\t\t\t\t\t\t<\/div>\n\t\t\t\t\t<\/div>\n\t\t<\/section>\n\t\t\t\t\t\t<\/div>\n\t\t\t\t\t\t<\/div>\n\t\t\t\t\t<\/div>\n\t\t","protected":false},"excerpt":{"rendered":"<p>Lorem ipsum dolor sit amet, consectetur adipiscing elit, sed do eiusmod tempor incididunt ut labore et dolore magna aliqua. Ut enim ad minim veniam, quis<\/p>\n","protected":false},"author":5,"featured_media":0,"parent":2420,"menu_order":0,"comment_status":"closed","ping_status":"closed","template":"elementor_header_footer","meta":[],"_links":{"self":[{"href":"https:\/\/afikim.org\/fr\/wp-json\/wp\/v2\/pages\/2460"}],"collection":[{"href":"https:\/\/afikim.org\/fr\/wp-json\/wp\/v2\/pages"}],"about":[{"href":"https:\/\/afikim.org\/fr\/wp-json\/wp\/v2\/types\/page"}],"author":[{"embeddable":true,"href":"https:\/\/afikim.org\/fr\/wp-json\/wp\/v2\/users\/5"}],"replies":[{"embeddable":true,"href":"https:\/\/afikim.org\/fr\/wp-json\/wp\/v2\/comments?post=2460"}],"version-history":[{"count":2,"href":"https:\/\/afikim.org\/fr\/wp-json\/wp\/v2\/pages\/2460\/revisions"}],"predecessor-version":[{"id":4573,"href":"https:\/\/afikim.org\/fr\/wp-json\/wp\/v2\/pages\/2460\/revisions\/4573"}],"up":[{"embeddable":true,"href":"https:\/\/afikim.org\/fr\/wp-json\/wp\/v2\/pages\/2420"}],"wp:attachment":[{"href":"https:\/\/afikim.org\/fr\/wp-json\/wp\/v2\/media?parent=2460"}],"curies":[{"name":"wp","href":"https:\/\/api.w.org\/{rel}","templated":true}]}}