{"id":2554,"date":"2020-10-06T15:14:28","date_gmt":"2020-10-06T15:14:28","guid":{"rendered":"https:\/\/afikim.org\/what-we-do\/programme-scolaire\/activites-extrascolaires\/"},"modified":"2020-10-21T09:22:25","modified_gmt":"2020-10-21T09:22:25","slug":"activites-extrascolaires","status":"publish","type":"page","link":"https:\/\/afikim.org\/fr\/what-we-do\/programme-scolaire\/activites-extrascolaires\/","title":{"rendered":"Activites extrascolaires"},"content":{"rendered":"\t\t<div data-elementor-type=\"wp-page\" data-elementor-id=\"2554\" class=\"elementor elementor-2554\" data-elementor-settings=\"[]\">\n\t\t\t\t\t\t<div class=\"elementor-inner\">\n\t\t\t\t\t\t\t<div class=\"elementor-section-wrap\">\n\t\t\t\t\t\t\t<section class=\"elementor-section elementor-top-section elementor-element elementor-element-238b06ea elementor-section-full_width elementor-section-height-min-height elementor-section-items-stretch elementor-reverse-tablet elementor-reverse-mobile elementor-section-height-default\" data-id=\"238b06ea\" data-element_type=\"section\">\n\t\t\t\t\t\t<div class=\"elementor-container elementor-column-gap-default\">\n\t\t\t\t\t\t\t<div class=\"elementor-row\">\n\t\t\t\t\t<div class=\"elementor-column elementor-col-50 elementor-top-column elementor-element elementor-element-35d84211\" data-id=\"35d84211\" data-element_type=\"column\" data-settings=\"{&quot;background_background&quot;:&quot;classic&quot;}\">\n\t\t\t<div class=\"elementor-column-wrap elementor-element-populated\">\n\t\t\t\t\t\t\t<div class=\"elementor-widget-wrap\">\n\t\t\t\t\t\t<div class=\"elementor-element elementor-element-71d11b2a elementor-widget elementor-widget-heading\" data-id=\"71d11b2a\" data-element_type=\"widget\" data-widget_type=\"heading.default\">\n\t\t\t\t<div class=\"elementor-widget-container\">\n\t\t\t<h1 class=\"elementor-heading-title elementor-size-default\">Activites extrascolaires<\/h1>\t\t<\/div>\n\t\t\t\t<\/div>\n\t\t\t\t<div class=\"elementor-element elementor-element-4c8454c4 elementor-widget elementor-widget-text-editor\" data-id=\"4c8454c4\" data-element_type=\"widget\" data-widget_type=\"text-editor.default\">\n\t\t\t\t<div class=\"elementor-widget-container\">\n\t\t\t\t\t\t\t\t<div class=\"elementor-text-editor elementor-clearfix\">\n\t\t\t\t\t<p>Lorem ipsum dolor sit amet, consectetur adipiscing elit, sed do eiusmod tempor incididunt ut labore et dolore magna aliqua. Ut enim ad minim veniam, quis nostrud exercitation ullamco laboris nisi ut aliquip ex ea commodo consequat.<\/p>\n\t\t\t\t\t<\/div>\n\t\t\t\t\t\t<\/div>\n\t\t\t\t<\/div>\n\t\t\t\t\t\t<\/div>\n\t\t\t\t\t<\/div>\n\t\t<\/div>\n\t\t\t\t<div class=\"elementor-column elementor-col-50 elementor-top-column elementor-element elementor-element-6d152667 top-img\" data-id=\"6d152667\" data-element_type=\"column\" data-settings=\"{&quot;background_background&quot;:&quot;classic&quot;}\">\n\t\t\t<div class=\"elementor-column-wrap elementor-element-populated\">\n\t\t\t\t\t\t\t<div class=\"elementor-widget-wrap\">\n\t\t\t\t\t\t<div class=\"elementor-element elementor-element-7299fffb elementor-widget elementor-widget-spacer\" data-id=\"7299fffb\" data-element_type=\"widget\" data-widget_type=\"spacer.default\">\n\t\t\t\t<div class=\"elementor-widget-container\">\n\t\t\t\t\t<div class=\"elementor-spacer\">\n\t\t\t<div class=\"elementor-spacer-inner\"><\/div>\n\t\t<\/div>\n\t\t\t\t<\/div>\n\t\t\t\t<\/div>\n\t\t\t\t\t\t<\/div>\n\t\t\t\t\t<\/div>\n\t\t<\/div>\n\t\t\t\t\t\t\t\t<\/div>\n\t\t\t\t\t<\/div>\n\t\t<\/section>\n\t\t\t\t<section class=\"elementor-section elementor-top-section elementor-element elementor-element-54dd4603 elementor-section-boxed elementor-section-height-default elementor-section-height-default\" data-id=\"54dd4603\" data-element_type=\"section\">\n\t\t\t\t\t\t<div class=\"elementor-container elementor-column-gap-default\">\n\t\t\t\t\t\t\t<div class=\"elementor-row\">\n\t\t\t\t\t<div class=\"elementor-column elementor-col-50 elementor-top-column elementor-element elementor-element-64953a73\" data-id=\"64953a73\" data-element_type=\"column\">\n\t\t\t<div class=\"elementor-column-wrap elementor-element-populated\">\n\t\t\t\t\t\t\t<div class=\"elementor-widget-wrap\">\n\t\t\t\t\t\t<div class=\"elementor-element elementor-element-11be2d35 elementor-widget elementor-widget-heading\" data-id=\"11be2d35\" data-element_type=\"widget\" data-widget_type=\"heading.default\">\n\t\t\t\t<div class=\"elementor-widget-container\">\n\t\t\t<h2 class=\"elementor-heading-title elementor-size-default\">Ce que nous faisons<\/h2>\t\t<\/div>\n\t\t\t\t<\/div>\n\t\t\t\t<div class=\"elementor-element elementor-element-1f04477a elementor-nav-menu--dropdown-none inner-page-nav elementor-nav-menu--indicator-classic elementor-widget elementor-widget-nav-menu\" data-id=\"1f04477a\" data-element_type=\"widget\" data-settings=\"{&quot;layout&quot;:&quot;vertical&quot;}\" data-widget_type=\"nav-menu.default\">\n\t\t\t\t<div class=\"elementor-widget-container\">\n\t\t\t\t\t\t<nav role=\"navigation\" class=\"elementor-nav-menu--main elementor-nav-menu__container elementor-nav-menu--layout-vertical e--pointer-none\"><ul id=\"menu-1-1f04477a\" class=\"elementor-nav-menu sm-vertical\"><li class=\"menu-item menu-item-type-post_type menu-item-object-page menu-item-2900\"><a href=\"https:\/\/afikim.org\/fr\/what-we-do\/centres-de-soutien-scolaire\/\" class=\"elementor-item\">Centres de soutien scolaire<\/a><\/li>\n<li class=\"menu-item menu-item-type-post_type menu-item-object-page menu-item-2901\"><a href=\"https:\/\/afikim.org\/fr\/what-we-do\/lecole-des-parents\/\" class=\"elementor-item\">L\u2019Ecole des Parents<\/a><\/li>\n<li class=\"menu-item menu-item-type-post_type menu-item-object-page menu-item-4598\"><a href=\"https:\/\/afikim.org\/fr\/what-we-do\/programme-scolaire\/\" class=\"elementor-item\">Programme scolaire<\/a><\/li>\n<li class=\"menu-item menu-item-type-post_type menu-item-object-page menu-item-2905\"><a href=\"https:\/\/afikim.org\/fr\/what-we-do\/programme-scolaire\/formation-professionnelle-pour-les-parents\/\" class=\"elementor-item\">Formation professionnelle pour les Parents<\/a><\/li>\n<li class=\"menu-item menu-item-type-post_type menu-item-object-page menu-item-2903\"><a href=\"https:\/\/afikim.org\/fr\/what-we-do\/programme-scolaire\/activites-extrascolaires\/\" class=\"elementor-item\">Activites extrascolaires<\/a><\/li>\n<li class=\"menu-item menu-item-type-post_type menu-item-object-page menu-item-2904\"><a href=\"https:\/\/afikim.org\/fr\/what-we-do\/programme-scolaire\/cours-dinformatique\/\" class=\"elementor-item\">Cours d\u2019Informatique<\/a><\/li>\n<li class=\"menu-item menu-item-type-post_type menu-item-object-page menu-item-2906\"><a href=\"https:\/\/afikim.org\/fr\/what-we-do\/une-bonne-alimentation-pour-bien-penser\/\" class=\"elementor-item\">Une bonne alimentation pour bien penser<\/a><\/li>\n<li class=\"menu-item menu-item-type-post_type menu-item-object-page menu-item-2907\"><a href=\"https:\/\/afikim.org\/fr\/what-we-do\/afikim-pour-le-plaisir\/\" class=\"elementor-item\">Afikim pour le Plaisir<\/a><\/li>\n<\/ul><\/nav>\n\t\t\t\t\t<div class=\"elementor-menu-toggle\" role=\"button\" tabindex=\"0\" aria-label=\"Permuter le menu\" aria-expanded=\"false\">\n\t\t\t<i class=\"eicon-menu-bar\" aria-hidden=\"true\"><\/i>\n\t\t\t<span class=\"elementor-screen-only\">Menu<\/span>\n\t\t<\/div>\n\t\t\t<nav class=\"elementor-nav-menu--dropdown elementor-nav-menu__container\" role=\"navigation\" aria-hidden=\"true\"><ul id=\"menu-2-1f04477a\" class=\"elementor-nav-menu sm-vertical\"><li class=\"menu-item menu-item-type-post_type menu-item-object-page menu-item-2900\"><a href=\"https:\/\/afikim.org\/fr\/what-we-do\/centres-de-soutien-scolaire\/\" class=\"elementor-item\">Centres de soutien scolaire<\/a><\/li>\n<li class=\"menu-item menu-item-type-post_type menu-item-object-page menu-item-2901\"><a href=\"https:\/\/afikim.org\/fr\/what-we-do\/lecole-des-parents\/\" class=\"elementor-item\">L\u2019Ecole des Parents<\/a><\/li>\n<li class=\"menu-item menu-item-type-post_type menu-item-object-page menu-item-4598\"><a href=\"https:\/\/afikim.org\/fr\/what-we-do\/programme-scolaire\/\" class=\"elementor-item\">Programme scolaire<\/a><\/li>\n<li class=\"menu-item menu-item-type-post_type menu-item-object-page menu-item-2905\"><a href=\"https:\/\/afikim.org\/fr\/what-we-do\/programme-scolaire\/formation-professionnelle-pour-les-parents\/\" class=\"elementor-item\">Formation professionnelle pour les Parents<\/a><\/li>\n<li class=\"menu-item menu-item-type-post_type menu-item-object-page menu-item-2903\"><a href=\"https:\/\/afikim.org\/fr\/what-we-do\/programme-scolaire\/activites-extrascolaires\/\" class=\"elementor-item\">Activites extrascolaires<\/a><\/li>\n<li class=\"menu-item menu-item-type-post_type menu-item-object-page menu-item-2904\"><a href=\"https:\/\/afikim.org\/fr\/what-we-do\/programme-scolaire\/cours-dinformatique\/\" class=\"elementor-item\">Cours d\u2019Informatique<\/a><\/li>\n<li class=\"menu-item menu-item-type-post_type menu-item-object-page menu-item-2906\"><a href=\"https:\/\/afikim.org\/fr\/what-we-do\/une-bonne-alimentation-pour-bien-penser\/\" class=\"elementor-item\">Une bonne alimentation pour bien penser<\/a><\/li>\n<li class=\"menu-item menu-item-type-post_type menu-item-object-page menu-item-2907\"><a href=\"https:\/\/afikim.org\/fr\/what-we-do\/afikim-pour-le-plaisir\/\" class=\"elementor-item\">Afikim pour le Plaisir<\/a><\/li>\n<\/ul><\/nav>\n\t\t\t\t<\/div>\n\t\t\t\t<\/div>\n\t\t\t\t\t\t<\/div>\n\t\t\t\t\t<\/div>\n\t\t<\/div>\n\t\t\t\t<div class=\"elementor-column elementor-col-50 elementor-top-column elementor-element elementor-element-584a02e2\" data-id=\"584a02e2\" data-element_type=\"column\">\n\t\t\t<div class=\"elementor-column-wrap elementor-element-populated\">\n\t\t\t\t\t\t\t<div class=\"elementor-widget-wrap\">\n\t\t\t\t\t\t<div class=\"elementor-element elementor-element-11c4687c elementor-widget elementor-widget-text-editor\" data-id=\"11c4687c\" data-element_type=\"widget\" data-widget_type=\"text-editor.default\">\n\t\t\t\t<div class=\"elementor-widget-container\">\n\t\t\t\t\t\t\t\t<div class=\"elementor-text-editor elementor-clearfix\">\n\t\t\t\t\t<p>Dans les centres Afikim, les activit\u00e9s extrascolaires permettent aux enfants de d\u00e9velopper leur potentiel, ce qui les aidera \u00e0 r\u00e9ussir dans leurs \u00e9tudes. Ces activit\u00e9s sont tr\u00e8s appr\u00e9ci\u00e9es par les enfants. Une fois par semaine, tous les enfants participent \u00e0 une activit\u00e9 telle que: la musique, le th\u00e9\u00e2tre, le sport ou la pratique d&rsquo;un art martial. Ces activit\u00e9s, que pratiquent facilement les enfants des classes privil\u00e9gi\u00e9es, seraient impossibles d&rsquo;acc\u00e8s pour les enfants sans le programme de Afikim. Comme tous les autres services qu&rsquo;offre Afikim, les activit\u00e9s extrascolaires ont pour objectif de r\u00e9duire le foss\u00e9 entre les enfants d\u00e9favoris\u00e9s et ceux issus de classes socio-\u00e9conomiques plus \u00e9lev\u00e9es. Elles offrent aux enfants l&rsquo;opportunit\u00e9 de d\u00e9couvre et d&rsquo;explorer un nouveau monde et parfois de r\u00e9v\u00e9ler bien des talents cach\u00e9s.<\/p>\n\t\t\t\t\t<\/div>\n\t\t\t\t\t\t<\/div>\n\t\t\t\t<\/div>\n\t\t\t\t<div class=\"elementor-element elementor-element-50370d5b elementor-widget elementor-widget-text-editor\" data-id=\"50370d5b\" data-element_type=\"widget\" data-widget_type=\"text-editor.default\">\n\t\t\t\t<div class=\"elementor-widget-container\">\n\t\t\t\t\t\t\t\t<div class=\"elementor-text-editor elementor-clearfix\">\n\t\t\t\t\t<div class=\"col span_2_of_3\">\n<div>\n<p>Aidez Afikim \u00e0 offrir aux enfants d\u00e9favoris\u00e9s en Isra\u00ebl une \u00e9ducation compl\u00e8te, ce qui inclut \u00e9galement des activit\u00e9s extrascolaires.<\/p>\n<\/div>\n<\/div>\n<div class=\"col span_1_of_3\">\n<div class=\"sidefeature\">\n<div class=\"sidefeature nbg\">\u00a0<\/div>\n<\/div>\n<\/div>\n\t\t\t\t\t<\/div>\n\t\t\t\t\t\t<\/div>\n\t\t\t\t<\/div>\n\t\t\t\t\t\t<\/div>\n\t\t\t\t\t<\/div>\n\t\t<\/div>\n\t\t\t\t\t\t\t\t<\/div>\n\t\t\t\t\t<\/div>\n\t\t<\/section>\n\t\t\t\t<section class=\"elementor-section elementor-top-section elementor-element elementor-element-76fb086e elementor-section-full_width elementor-section-height-default elementor-section-height-default\" data-id=\"76fb086e\" data-element_type=\"section\">\n\t\t\t\t\t\t<div class=\"elementor-container elementor-column-gap-default\">\n\t\t\t\t\t\t\t<div class=\"elementor-row\">\n\t\t\t\t\t<div class=\"elementor-column elementor-col-100 elementor-top-column elementor-element elementor-element-2f6a3f98\" data-id=\"2f6a3f98\" data-element_type=\"column\">\n\t\t\t<div class=\"elementor-column-wrap elementor-element-populated\">\n\t\t\t\t\t\t\t<div class=\"elementor-widget-wrap\">\n\t\t\t\t\t\t<div class=\"elementor-element elementor-element-6363052a elementor-widget elementor-widget-template\" data-id=\"6363052a\" data-element_type=\"widget\" data-widget_type=\"template.default\">\n\t\t\t\t<div class=\"elementor-widget-container\">\n\t\t\t\t\t<div class=\"elementor-template\">\n\t\t\t\t\t<div data-elementor-type=\"section\" data-elementor-id=\"222\" class=\"elementor elementor-222\" data-elementor-settings=\"[]\">\n\t\t<div class=\"elementor-section-wrap\">\n\t\t\t\t\t<section class=\"elementor-section elementor-top-section elementor-element elementor-element-3c31a1e0 elementor-section-height-min-height elementor-section-boxed elementor-section-height-default elementor-section-items-middle\" data-id=\"3c31a1e0\" data-element_type=\"section\" data-settings=\"{&quot;background_background&quot;:&quot;classic&quot;}\">\n\t\t\t\t\t\t\t<div class=\"elementor-background-overlay\"><\/div>\n\t\t\t\t\t\t\t<div class=\"elementor-container elementor-column-gap-default\">\n\t\t\t\t\t\t\t<div class=\"elementor-row\">\n\t\t\t\t\t<div class=\"elementor-column elementor-col-100 elementor-top-column elementor-element elementor-element-bc5cd99\" data-id=\"bc5cd99\" data-element_type=\"column\">\n\t\t\t<div class=\"elementor-column-wrap elementor-element-populated\">\n\t\t\t\t\t\t\t<div class=\"elementor-widget-wrap\">\n\t\t\t\t\t\t<div class=\"elementor-element elementor-element-4474ae72 elementor-widget elementor-widget-heading\" data-id=\"4474ae72\" data-element_type=\"widget\" data-widget_type=\"heading.default\">\n\t\t\t\t<div class=\"elementor-widget-container\">\n\t\t\t<h2 class=\"elementor-heading-title elementor-size-default\">We need your help!<\/h2>\t\t<\/div>\n\t\t\t\t<\/div>\n\t\t\t\t<div class=\"elementor-element elementor-element-c3fe649 elementor-blockquote--skin-clean elementor-blockquote--align-center elementor-blockquote--button-color-official elementor-widget elementor-widget-blockquote\" data-id=\"c3fe649\" data-element_type=\"widget\" data-widget_type=\"blockquote.default\">\n\t\t\t\t<div class=\"elementor-widget-container\">\n\t\t\t\t\t<blockquote class=\"elementor-blockquote\">\n\t\t\t<p class=\"elementor-blockquote__content\">\n\t\t\t\tLove, joy & happiness \u2013 these are the gifts the children receive at the Afikim center. Not to mention \u2013 attention, kindness, a comforting atmosphere, academic help and, of course, a warm meal. \n\t\t\t<\/p>\n\t\t\t\t\t<\/blockquote>\n\t\t\t\t<\/div>\n\t\t\t\t<\/div>\n\t\t\t\t<div class=\"elementor-element elementor-element-1f924a89 elementor-align-justify elementor-widget__width-initial elementor-widget elementor-widget-button\" data-id=\"1f924a89\" data-element_type=\"widget\" data-widget_type=\"button.default\">\n\t\t\t\t<div class=\"elementor-widget-container\">\n\t\t\t\t\t<div class=\"elementor-button-wrapper\">\n\t\t\t<a href=\"https:\/\/afikim.org\/donate\/\" class=\"elementor-button-link elementor-button elementor-size-sm\" role=\"button\">\n\t\t\t\t\t\t<span class=\"elementor-button-content-wrapper\">\n\t\t\t\t\t\t<span class=\"elementor-button-text\">Donate today<\/span>\n\t\t<\/span>\n\t\t\t\t\t<\/a>\n\t\t<\/div>\n\t\t\t\t<\/div>\n\t\t\t\t<\/div>\n\t\t\t\t\t\t<\/div>\n\t\t\t\t\t<\/div>\n\t\t<\/div>\n\t\t\t\t\t\t\t\t<\/div>\n\t\t\t\t\t<\/div>\n\t\t<\/section>\n\t\t\t\t<\/div>\n\t\t<\/div>\n\t\t\t\t<\/div>\n\t\t\t\t<\/div>\n\t\t\t\t<\/div>\n\t\t\t\t\t\t<\/div>\n\t\t\t\t\t<\/div>\n\t\t<\/div>\n\t\t\t\t\t\t\t\t<\/div>\n\t\t\t\t\t<\/div>\n\t\t<\/section>\n\t\t\t\t<section class=\"elementor-section elementor-top-section elementor-element elementor-element-630c1cfc elementor-section-full_width elementor-section-height-default elementor-section-height-default\" data-id=\"630c1cfc\" data-element_type=\"section\">\n\t\t\t\t\t\t<div class=\"elementor-container elementor-column-gap-default\">\n\t\t\t\t\t\t\t<div class=\"elementor-row\">\n\t\t\t\t\t<div class=\"elementor-column elementor-col-100 elementor-top-column elementor-element elementor-element-6776a262\" data-id=\"6776a262\" data-element_type=\"column\">\n\t\t\t<div class=\"elementor-column-wrap elementor-element-populated\">\n\t\t\t\t\t\t\t<div class=\"elementor-widget-wrap\">\n\t\t\t\t\t\t<div class=\"elementor-element elementor-element-5ffe0335 elementor-widget elementor-widget-template\" data-id=\"5ffe0335\" data-element_type=\"widget\" data-widget_type=\"template.default\">\n\t\t\t\t<div class=\"elementor-widget-container\">\n\t\t\t\t\t<div class=\"elementor-template\">\n\t\t\t\t\t<div data-elementor-type=\"section\" data-elementor-id=\"225\" class=\"elementor elementor-225\" data-elementor-settings=\"[]\">\n\t\t<div class=\"elementor-section-wrap\">\n\t\t\t\t\t<section class=\"elementor-section elementor-top-section elementor-element elementor-element-75b30fd7 elementor-section-boxed elementor-section-height-default elementor-section-height-default\" data-id=\"75b30fd7\" data-element_type=\"section\">\n\t\t\t\t\t\t<div class=\"elementor-container elementor-column-gap-default\">\n\t\t\t\t\t\t\t<div class=\"elementor-row\">\n\t\t\t\t\t<div class=\"elementor-column elementor-col-100 elementor-top-column elementor-element elementor-element-4364ef38\" data-id=\"4364ef38\" data-element_type=\"column\">\n\t\t\t<div class=\"elementor-column-wrap elementor-element-populated\">\n\t\t\t\t\t\t\t<div class=\"elementor-widget-wrap\">\n\t\t\t\t\t\t<div class=\"elementor-element elementor-element-1c13b848 elementor-widget__width-auto elementor-widget elementor-widget-heading\" data-id=\"1c13b848\" data-element_type=\"widget\" data-widget_type=\"heading.default\">\n\t\t\t\t<div class=\"elementor-widget-container\">\n\t\t\t<h2 class=\"elementor-heading-title elementor-size-default\">News &  Updates<\/h2>\t\t<\/div>\n\t\t\t\t<\/div>\n\t\t\t\t<div class=\"elementor-element elementor-element-72cce7f1 home-posts elementor-grid-3 elementor-grid-tablet-2 elementor-grid-mobile-1 elementor-posts--thumbnail-top elementor-widget elementor-widget-posts\" data-id=\"72cce7f1\" data-element_type=\"widget\" data-settings=\"{&quot;classic_row_gap&quot;:{&quot;unit&quot;:&quot;px&quot;,&quot;size&quot;:20,&quot;sizes&quot;:[]},&quot;classic_columns&quot;:&quot;3&quot;,&quot;classic_columns_tablet&quot;:&quot;2&quot;,&quot;classic_columns_mobile&quot;:&quot;1&quot;}\" data-widget_type=\"posts.classic\">\n\t\t\t\t<div class=\"elementor-widget-container\">\n\t\t\t\t\t<div class=\"elementor-posts-container elementor-posts elementor-posts--skin-classic elementor-grid\">\n\t\t\t\t<article class=\"elementor-post elementor-grid-item post-3348 post type-post status-publish format-standard has-post-thumbnail hentry category-news-fr\">\n\t\t\t\t<a class=\"elementor-post__thumbnail__link\" href=\"https:\/\/afikim.org\/fr\/un-chabbat-plein-dexception-a-la-grande-synagogue-de-la-victoire\/\" >\n\t\t\t<div class=\"elementor-post__thumbnail\"><img width=\"640\" height=\"427\" src=\"https:\/\/afikim.org\/wp-content\/uploads\/2020\/10\/0901.jpg\" class=\"attachment-full size-full\" alt=\"\" loading=\"lazy\" srcset=\"https:\/\/afikim.org\/wp-content\/uploads\/2020\/10\/0901.jpg 640w, https:\/\/afikim.org\/wp-content\/uploads\/2020\/10\/0901-600x400.jpg 600w, https:\/\/afikim.org\/wp-content\/uploads\/2020\/10\/0901-300x200.jpg 300w\" sizes=\"(max-width: 640px) 100vw, 640px\" \/><\/div>\n\t\t<\/a>\n\t\t\t\t<div class=\"elementor-post__text\">\n\t\t\t\t<h3 class=\"elementor-post__title\">\n\t\t\t<a href=\"https:\/\/afikim.org\/fr\/un-chabbat-plein-dexception-a-la-grande-synagogue-de-la-victoire\/\" >\n\t\t\t\tUn Chabbat plein d&rsquo;exception \u00e0 la Grande synagogue de la Victoire\t\t\t<\/a>\n\t\t<\/h3>\n\t\t\t\t<div class=\"elementor-post__meta-data\">\n\t\t\t\t\t<span class=\"elementor-post-date\">\n\t\t\toctobre 19, 2020\t\t<\/span>\n\t\t\t\t<\/div>\n\t\t\t\t\t<a class=\"elementor-post__read-more\" href=\"https:\/\/afikim.org\/fr\/un-chabbat-plein-dexception-a-la-grande-synagogue-de-la-victoire\/\" >\n\t\t\t\tRead More\t\t\t<\/a>\n\t\t\t\t<\/div>\n\t\t\t\t<\/article>\n\t\t\t\t<article class=\"elementor-post elementor-grid-item post-3347 post type-post status-publish format-standard has-post-thumbnail hentry category-news-fr\">\n\t\t\t\t<a class=\"elementor-post__thumbnail__link\" href=\"https:\/\/afikim.org\/fr\/a-la-memoire-de-rabbi-dr-azriel-abshil-ben-nahoum-et-pnina-kreiman-zal\/\" >\n\t\t\t<div class=\"elementor-post__thumbnail\"><img width=\"330\" height=\"230\" src=\"https:\/\/afikim.org\/wp-content\/uploads\/2020\/10\/0928-2.jpg\" class=\"attachment-full size-full\" alt=\"\" loading=\"lazy\" srcset=\"https:\/\/afikim.org\/wp-content\/uploads\/2020\/10\/0928-2.jpg 330w, https:\/\/afikim.org\/wp-content\/uploads\/2020\/10\/0928-2-300x209.jpg 300w\" sizes=\"(max-width: 330px) 100vw, 330px\" \/><\/div>\n\t\t<\/a>\n\t\t\t\t<div class=\"elementor-post__text\">\n\t\t\t\t<h3 class=\"elementor-post__title\">\n\t\t\t<a href=\"https:\/\/afikim.org\/fr\/a-la-memoire-de-rabbi-dr-azriel-abshil-ben-nahoum-et-pnina-kreiman-zal\/\" >\n\t\t\t\tA la m\u00e9moire de Rabbi Dr Azriel Abshil ben Nahoum et Pnina Kreiman \u00ab\u00a0zal\u00a0\u00bb\t\t\t<\/a>\n\t\t<\/h3>\n\t\t\t\t<div class=\"elementor-post__meta-data\">\n\t\t\t\t\t<span class=\"elementor-post-date\">\n\t\t\tjanvier 12, 2014\t\t<\/span>\n\t\t\t\t<\/div>\n\t\t\t\t\t<a class=\"elementor-post__read-more\" href=\"https:\/\/afikim.org\/fr\/a-la-memoire-de-rabbi-dr-azriel-abshil-ben-nahoum-et-pnina-kreiman-zal\/\" >\n\t\t\t\tRead More\t\t\t<\/a>\n\t\t\t\t<\/div>\n\t\t\t\t<\/article>\n\t\t\t\t<article class=\"elementor-post elementor-grid-item post-3353 post type-post status-publish format-standard has-post-thumbnail hentry category-news-fr\">\n\t\t\t\t<a class=\"elementor-post__thumbnail__link\" href=\"https:\/\/afikim.org\/fr\/concert-carlebach-a-boulogne\/\" >\n\t\t\t<div class=\"elementor-post__thumbnail\"><img width=\"640\" height=\"879\" src=\"https:\/\/afikim.org\/wp-content\/uploads\/2020\/10\/0808.jpg\" class=\"attachment-full size-full\" alt=\"\" loading=\"lazy\" srcset=\"https:\/\/afikim.org\/wp-content\/uploads\/2020\/10\/0808.jpg 640w, https:\/\/afikim.org\/wp-content\/uploads\/2020\/10\/0808-600x824.jpg 600w, https:\/\/afikim.org\/wp-content\/uploads\/2020\/10\/0808-218x300.jpg 218w\" sizes=\"(max-width: 640px) 100vw, 640px\" \/><\/div>\n\t\t<\/a>\n\t\t\t\t<div class=\"elementor-post__text\">\n\t\t\t\t<h3 class=\"elementor-post__title\">\n\t\t\t<a href=\"https:\/\/afikim.org\/fr\/concert-carlebach-a-boulogne\/\" >\n\t\t\t\tConcert Carlebach \u00e0 Boulogne\t\t\t<\/a>\n\t\t<\/h3>\n\t\t\t\t<div class=\"elementor-post__meta-data\">\n\t\t\t\t\t<span class=\"elementor-post-date\">\n\t\t\toctobre 18, 2012\t\t<\/span>\n\t\t\t\t<\/div>\n\t\t\t\t\t<a class=\"elementor-post__read-more\" href=\"https:\/\/afikim.org\/fr\/concert-carlebach-a-boulogne\/\" >\n\t\t\t\tRead More\t\t\t<\/a>\n\t\t\t\t<\/div>\n\t\t\t\t<\/article>\n\t\t\t\t<\/div>\n\t\t\t\t<\/div>\n\t\t\t\t<\/div>\n\t\t\t\t\t\t<\/div>\n\t\t\t\t\t<\/div>\n\t\t<\/div>\n\t\t\t\t\t\t\t\t<\/div>\n\t\t\t\t\t<\/div>\n\t\t<\/section>\n\t\t\t\t<\/div>\n\t\t<\/div>\n\t\t\t\t<\/div>\n\t\t\t\t<\/div>\n\t\t\t\t<\/div>\n\t\t\t\t\t\t<\/div>\n\t\t\t\t\t<\/div>\n\t\t<\/div>\n\t\t\t\t\t\t\t\t<\/div>\n\t\t\t\t\t<\/div>\n\t\t<\/section>\n\t\t\t\t\t\t<\/div>\n\t\t\t\t\t\t<\/div>\n\t\t\t\t\t<\/div>\n\t\t","protected":false},"excerpt":{"rendered":"<p>Lorem ipsum dolor sit amet, consectetur adipiscing elit, sed do eiusmod tempor incididunt ut labore et dolore magna aliqua. Ut enim ad minim veniam, quis<\/p>\n","protected":false},"author":5,"featured_media":0,"parent":2512,"menu_order":0,"comment_status":"closed","ping_status":"closed","template":"elementor_header_footer","meta":[],"_links":{"self":[{"href":"https:\/\/afikim.org\/fr\/wp-json\/wp\/v2\/pages\/2554"}],"collection":[{"href":"https:\/\/afikim.org\/fr\/wp-json\/wp\/v2\/pages"}],"about":[{"href":"https:\/\/afikim.org\/fr\/wp-json\/wp\/v2\/types\/page"}],"author":[{"embeddable":true,"href":"https:\/\/afikim.org\/fr\/wp-json\/wp\/v2\/users\/5"}],"replies":[{"embeddable":true,"href":"https:\/\/afikim.org\/fr\/wp-json\/wp\/v2\/comments?post=2554"}],"version-history":[{"count":2,"href":"https:\/\/afikim.org\/fr\/wp-json\/wp\/v2\/pages\/2554\/revisions"}],"predecessor-version":[{"id":4577,"href":"https:\/\/afikim.org\/fr\/wp-json\/wp\/v2\/pages\/2554\/revisions\/4577"}],"up":[{"embeddable":true,"href":"https:\/\/afikim.org\/fr\/wp-json\/wp\/v2\/pages\/2512"}],"wp:attachment":[{"href":"https:\/\/afikim.org\/fr\/wp-json\/wp\/v2\/media?parent=2554"}],"curies":[{"name":"wp","href":"https:\/\/api.w.org\/{rel}","templated":true}]}}