{"id":2572,"date":"2020-10-06T15:33:24","date_gmt":"2020-10-06T15:33:24","guid":{"rendered":"https:\/\/afikim.org\/what-we-do\/afikim-pour-le-plaisir\/"},"modified":"2020-10-21T09:22:39","modified_gmt":"2020-10-21T09:22:39","slug":"afikim-pour-le-plaisir","status":"publish","type":"page","link":"https:\/\/afikim.org\/fr\/what-we-do\/afikim-pour-le-plaisir\/","title":{"rendered":"Afikim pour le Plaisir"},"content":{"rendered":"\t\t<div data-elementor-type=\"wp-page\" data-elementor-id=\"2572\" class=\"elementor elementor-2572\" data-elementor-settings=\"[]\">\n\t\t\t\t\t\t<div class=\"elementor-inner\">\n\t\t\t\t\t\t\t<div class=\"elementor-section-wrap\">\n\t\t\t\t\t\t\t<section class=\"elementor-section elementor-top-section elementor-element elementor-element-503ca3f6 elementor-section-full_width elementor-section-height-min-height elementor-section-items-stretch elementor-reverse-tablet elementor-reverse-mobile elementor-section-height-default\" data-id=\"503ca3f6\" data-element_type=\"section\">\n\t\t\t\t\t\t<div class=\"elementor-container elementor-column-gap-default\">\n\t\t\t\t\t\t\t<div class=\"elementor-row\">\n\t\t\t\t\t<div class=\"elementor-column elementor-col-50 elementor-top-column elementor-element elementor-element-41cbb2b3\" data-id=\"41cbb2b3\" data-element_type=\"column\" data-settings=\"{&quot;background_background&quot;:&quot;classic&quot;}\">\n\t\t\t<div class=\"elementor-column-wrap elementor-element-populated\">\n\t\t\t\t\t\t\t<div class=\"elementor-widget-wrap\">\n\t\t\t\t\t\t<div class=\"elementor-element elementor-element-11a7b004 elementor-widget elementor-widget-heading\" data-id=\"11a7b004\" data-element_type=\"widget\" data-widget_type=\"heading.default\">\n\t\t\t\t<div class=\"elementor-widget-container\">\n\t\t\t<h1 class=\"elementor-heading-title elementor-size-default\">Afikim pour le Plaisir<\/h1>\t\t<\/div>\n\t\t\t\t<\/div>\n\t\t\t\t<div class=\"elementor-element elementor-element-7bc674e5 elementor-widget elementor-widget-text-editor\" data-id=\"7bc674e5\" data-element_type=\"widget\" data-widget_type=\"text-editor.default\">\n\t\t\t\t<div class=\"elementor-widget-container\">\n\t\t\t\t\t\t\t\t<div class=\"elementor-text-editor elementor-clearfix\">\n\t\t\t\t\t<p>Lorem ipsum dolor sit amet, consectetur adipiscing elit, sed do eiusmod tempor incididunt ut labore et dolore magna aliqua. Ut enim ad minim veniam, quis nostrud exercitation ullamco laboris nisi ut aliquip ex ea commodo consequat.<\/p>\n\t\t\t\t\t<\/div>\n\t\t\t\t\t\t<\/div>\n\t\t\t\t<\/div>\n\t\t\t\t\t\t<\/div>\n\t\t\t\t\t<\/div>\n\t\t<\/div>\n\t\t\t\t<div class=\"elementor-column elementor-col-50 elementor-top-column elementor-element elementor-element-57f09a21 top-img\" data-id=\"57f09a21\" data-element_type=\"column\" data-settings=\"{&quot;background_background&quot;:&quot;classic&quot;}\">\n\t\t\t<div class=\"elementor-column-wrap elementor-element-populated\">\n\t\t\t\t\t\t\t<div class=\"elementor-widget-wrap\">\n\t\t\t\t\t\t<div class=\"elementor-element elementor-element-3b146248 elementor-widget elementor-widget-spacer\" data-id=\"3b146248\" data-element_type=\"widget\" data-widget_type=\"spacer.default\">\n\t\t\t\t<div class=\"elementor-widget-container\">\n\t\t\t\t\t<div class=\"elementor-spacer\">\n\t\t\t<div class=\"elementor-spacer-inner\"><\/div>\n\t\t<\/div>\n\t\t\t\t<\/div>\n\t\t\t\t<\/div>\n\t\t\t\t\t\t<\/div>\n\t\t\t\t\t<\/div>\n\t\t<\/div>\n\t\t\t\t\t\t\t\t<\/div>\n\t\t\t\t\t<\/div>\n\t\t<\/section>\n\t\t\t\t<section class=\"elementor-section elementor-top-section elementor-element elementor-element-5de9a3f5 elementor-section-boxed elementor-section-height-default elementor-section-height-default\" data-id=\"5de9a3f5\" data-element_type=\"section\">\n\t\t\t\t\t\t<div class=\"elementor-container elementor-column-gap-default\">\n\t\t\t\t\t\t\t<div class=\"elementor-row\">\n\t\t\t\t\t<div class=\"elementor-column elementor-col-50 elementor-top-column elementor-element elementor-element-5bdbfd93\" data-id=\"5bdbfd93\" data-element_type=\"column\">\n\t\t\t<div class=\"elementor-column-wrap elementor-element-populated\">\n\t\t\t\t\t\t\t<div class=\"elementor-widget-wrap\">\n\t\t\t\t\t\t<div class=\"elementor-element elementor-element-4b0be605 elementor-widget elementor-widget-heading\" data-id=\"4b0be605\" data-element_type=\"widget\" data-widget_type=\"heading.default\">\n\t\t\t\t<div class=\"elementor-widget-container\">\n\t\t\t<h2 class=\"elementor-heading-title elementor-size-default\">Ce que nous faisons<\/h2>\t\t<\/div>\n\t\t\t\t<\/div>\n\t\t\t\t<div class=\"elementor-element elementor-element-44f0c4d6 elementor-nav-menu--dropdown-none inner-page-nav elementor-nav-menu--indicator-classic elementor-widget elementor-widget-nav-menu\" data-id=\"44f0c4d6\" data-element_type=\"widget\" data-settings=\"{&quot;layout&quot;:&quot;vertical&quot;}\" data-widget_type=\"nav-menu.default\">\n\t\t\t\t<div class=\"elementor-widget-container\">\n\t\t\t\t\t\t<nav role=\"navigation\" class=\"elementor-nav-menu--main elementor-nav-menu__container elementor-nav-menu--layout-vertical e--pointer-none\"><ul id=\"menu-1-44f0c4d6\" class=\"elementor-nav-menu sm-vertical\"><li class=\"menu-item menu-item-type-post_type menu-item-object-page menu-item-2900\"><a href=\"https:\/\/afikim.org\/fr\/what-we-do\/centres-de-soutien-scolaire\/\" class=\"elementor-item\">Centres de soutien scolaire<\/a><\/li>\n<li class=\"menu-item menu-item-type-post_type menu-item-object-page menu-item-2901\"><a href=\"https:\/\/afikim.org\/fr\/what-we-do\/lecole-des-parents\/\" class=\"elementor-item\">L\u2019Ecole des Parents<\/a><\/li>\n<li class=\"menu-item menu-item-type-post_type menu-item-object-page menu-item-4598\"><a href=\"https:\/\/afikim.org\/fr\/what-we-do\/programme-scolaire\/\" class=\"elementor-item\">Programme scolaire<\/a><\/li>\n<li class=\"menu-item menu-item-type-post_type menu-item-object-page menu-item-2905\"><a href=\"https:\/\/afikim.org\/fr\/what-we-do\/programme-scolaire\/formation-professionnelle-pour-les-parents\/\" class=\"elementor-item\">Formation professionnelle pour les Parents<\/a><\/li>\n<li class=\"menu-item menu-item-type-post_type menu-item-object-page menu-item-2903\"><a href=\"https:\/\/afikim.org\/fr\/what-we-do\/programme-scolaire\/activites-extrascolaires\/\" class=\"elementor-item\">Activites extrascolaires<\/a><\/li>\n<li class=\"menu-item menu-item-type-post_type menu-item-object-page menu-item-2904\"><a href=\"https:\/\/afikim.org\/fr\/what-we-do\/programme-scolaire\/cours-dinformatique\/\" class=\"elementor-item\">Cours d\u2019Informatique<\/a><\/li>\n<li class=\"menu-item menu-item-type-post_type menu-item-object-page menu-item-2906\"><a href=\"https:\/\/afikim.org\/fr\/what-we-do\/une-bonne-alimentation-pour-bien-penser\/\" class=\"elementor-item\">Une bonne alimentation pour bien penser<\/a><\/li>\n<li class=\"menu-item menu-item-type-post_type menu-item-object-page menu-item-2907\"><a href=\"https:\/\/afikim.org\/fr\/what-we-do\/afikim-pour-le-plaisir\/\" class=\"elementor-item\">Afikim pour le Plaisir<\/a><\/li>\n<\/ul><\/nav>\n\t\t\t\t\t<div class=\"elementor-menu-toggle\" role=\"button\" tabindex=\"0\" aria-label=\"Permuter le menu\" aria-expanded=\"false\">\n\t\t\t<i class=\"eicon-menu-bar\" aria-hidden=\"true\"><\/i>\n\t\t\t<span class=\"elementor-screen-only\">Menu<\/span>\n\t\t<\/div>\n\t\t\t<nav class=\"elementor-nav-menu--dropdown elementor-nav-menu__container\" role=\"navigation\" aria-hidden=\"true\"><ul id=\"menu-2-44f0c4d6\" class=\"elementor-nav-menu sm-vertical\"><li class=\"menu-item menu-item-type-post_type menu-item-object-page menu-item-2900\"><a href=\"https:\/\/afikim.org\/fr\/what-we-do\/centres-de-soutien-scolaire\/\" class=\"elementor-item\">Centres de soutien scolaire<\/a><\/li>\n<li class=\"menu-item menu-item-type-post_type menu-item-object-page menu-item-2901\"><a href=\"https:\/\/afikim.org\/fr\/what-we-do\/lecole-des-parents\/\" class=\"elementor-item\">L\u2019Ecole des Parents<\/a><\/li>\n<li class=\"menu-item menu-item-type-post_type menu-item-object-page menu-item-4598\"><a href=\"https:\/\/afikim.org\/fr\/what-we-do\/programme-scolaire\/\" class=\"elementor-item\">Programme scolaire<\/a><\/li>\n<li class=\"menu-item menu-item-type-post_type menu-item-object-page menu-item-2905\"><a href=\"https:\/\/afikim.org\/fr\/what-we-do\/programme-scolaire\/formation-professionnelle-pour-les-parents\/\" class=\"elementor-item\">Formation professionnelle pour les Parents<\/a><\/li>\n<li class=\"menu-item menu-item-type-post_type menu-item-object-page menu-item-2903\"><a href=\"https:\/\/afikim.org\/fr\/what-we-do\/programme-scolaire\/activites-extrascolaires\/\" class=\"elementor-item\">Activites extrascolaires<\/a><\/li>\n<li class=\"menu-item menu-item-type-post_type menu-item-object-page menu-item-2904\"><a href=\"https:\/\/afikim.org\/fr\/what-we-do\/programme-scolaire\/cours-dinformatique\/\" class=\"elementor-item\">Cours d\u2019Informatique<\/a><\/li>\n<li class=\"menu-item menu-item-type-post_type menu-item-object-page menu-item-2906\"><a href=\"https:\/\/afikim.org\/fr\/what-we-do\/une-bonne-alimentation-pour-bien-penser\/\" class=\"elementor-item\">Une bonne alimentation pour bien penser<\/a><\/li>\n<li class=\"menu-item menu-item-type-post_type menu-item-object-page menu-item-2907\"><a href=\"https:\/\/afikim.org\/fr\/what-we-do\/afikim-pour-le-plaisir\/\" class=\"elementor-item\">Afikim pour le Plaisir<\/a><\/li>\n<\/ul><\/nav>\n\t\t\t\t<\/div>\n\t\t\t\t<\/div>\n\t\t\t\t\t\t<\/div>\n\t\t\t\t\t<\/div>\n\t\t<\/div>\n\t\t\t\t<div class=\"elementor-column elementor-col-50 elementor-top-column elementor-element elementor-element-47c810e9\" data-id=\"47c810e9\" data-element_type=\"column\">\n\t\t\t<div class=\"elementor-column-wrap elementor-element-populated\">\n\t\t\t\t\t\t\t<div class=\"elementor-widget-wrap\">\n\t\t\t\t\t\t<div class=\"elementor-element elementor-element-2466ce01 elementor-widget elementor-widget-text-editor\" data-id=\"2466ce01\" data-element_type=\"widget\" data-widget_type=\"text-editor.default\">\n\t\t\t\t<div class=\"elementor-widget-container\">\n\t\t\t\t\t\t\t\t<div class=\"elementor-text-editor elementor-clearfix\">\n\t\t\t\t\t<p>Les vacances scolaires et l&rsquo;\u00e9t\u00e9 sont des p\u00e9riodes difficiles pour les enfants d\u00e9favoris\u00e9s. Ils sont d\u00e9soeuvr\u00e9s pendant de longues heures et sans surveillance des parents, ils peuvent facilement sombrer dans la d\u00e9linquance. Afikim permet \u00e0 ces enfants de structurer leur temps de mani\u00e8re constructive par des activit\u00e9s extrascolaires. \u00ab\u00a0Afikim pour le plaisir\u00a0\u00bb (\u00ab\u00a0be kef\u00a0\u00bb en h\u00e9breu) permet aux enfants de faire des devoirs de vacances et les emm\u00e8ne dans des parcs de loisirs, organise des comp\u00e9titions sportives et plein d&rsquo;autres activit\u00e9s.<\/p>\n<p>Afikim emm\u00e8ne les enfants dans des excursions \u00e0 travers tout le pays, dans des parcs de loisirs, voir des films\u2026.Les jours pass\u00e9s dans notre foyer permet \u00e9galement aux enfants de faire du sport et des travaux manuels. Nous veillons toujours \u00e0 ce que les enfants soient correctement nourris, aient un petit-d\u00e9jeuner, un repas et un go\u00fbter quotidiennement.<\/p>\n\t\t\t\t\t<\/div>\n\t\t\t\t\t\t<\/div>\n\t\t\t\t<\/div>\n\t\t\t\t<div class=\"elementor-element elementor-element-68f76f53 elementor-widget elementor-widget-text-editor\" data-id=\"68f76f53\" data-element_type=\"widget\" data-widget_type=\"text-editor.default\">\n\t\t\t\t<div class=\"elementor-widget-container\">\n\t\t\t\t\t\t\t\t<div class=\"elementor-text-editor elementor-clearfix\">\n\t\t\t\t\t<p>Les \u00e9tudes restent notre priorit\u00e9 car nous voulons armer les enfants afin qu&rsquo;ils r\u00e9ussissent leur cursus scolaire. M\u00eame pendant les vacances, les enfants continuent \u00e0 recevoir des cours de rattrapage donn\u00e9s par des professionnels qui vont pr\u00e9parer les enfants \u00e0 affronter les premiers jours de la rentr\u00e9e en septembre. Ainsi, les enfants d&rsquo;Afikim sont mieux pr\u00e9par\u00e9s que leurs petits camarades pour commencer une nouvelle ann\u00e9e scolaire.<\/p>\n<p>Aidez-nous \u00e0 offrir, aux enfants en danger en Isra\u00ebl, un merveilleux \u00e9t\u00e9.<\/p>\n\t\t\t\t\t<\/div>\n\t\t\t\t\t\t<\/div>\n\t\t\t\t<\/div>\n\t\t\t\t\t\t<\/div>\n\t\t\t\t\t<\/div>\n\t\t<\/div>\n\t\t\t\t\t\t\t\t<\/div>\n\t\t\t\t\t<\/div>\n\t\t<\/section>\n\t\t\t\t<section class=\"elementor-section elementor-top-section elementor-element elementor-element-608f281e elementor-section-full_width elementor-section-height-default elementor-section-height-default\" data-id=\"608f281e\" data-element_type=\"section\">\n\t\t\t\t\t\t<div class=\"elementor-container elementor-column-gap-default\">\n\t\t\t\t\t\t\t<div class=\"elementor-row\">\n\t\t\t\t\t<div class=\"elementor-column elementor-col-100 elementor-top-column elementor-element elementor-element-5013fad\" data-id=\"5013fad\" data-element_type=\"column\">\n\t\t\t<div class=\"elementor-column-wrap elementor-element-populated\">\n\t\t\t\t\t\t\t<div class=\"elementor-widget-wrap\">\n\t\t\t\t\t\t<div class=\"elementor-element elementor-element-5e7a6212 elementor-widget elementor-widget-template\" data-id=\"5e7a6212\" data-element_type=\"widget\" data-widget_type=\"template.default\">\n\t\t\t\t<div class=\"elementor-widget-container\">\n\t\t\t\t\t<div class=\"elementor-template\">\n\t\t\t\t\t<div data-elementor-type=\"section\" data-elementor-id=\"222\" class=\"elementor elementor-222\" data-elementor-settings=\"[]\">\n\t\t<div class=\"elementor-section-wrap\">\n\t\t\t\t\t<section class=\"elementor-section elementor-top-section elementor-element elementor-element-3c31a1e0 elementor-section-height-min-height elementor-section-boxed elementor-section-height-default elementor-section-items-middle\" data-id=\"3c31a1e0\" data-element_type=\"section\" data-settings=\"{&quot;background_background&quot;:&quot;classic&quot;}\">\n\t\t\t\t\t\t\t<div class=\"elementor-background-overlay\"><\/div>\n\t\t\t\t\t\t\t<div class=\"elementor-container elementor-column-gap-default\">\n\t\t\t\t\t\t\t<div class=\"elementor-row\">\n\t\t\t\t\t<div class=\"elementor-column elementor-col-100 elementor-top-column elementor-element elementor-element-bc5cd99\" data-id=\"bc5cd99\" data-element_type=\"column\">\n\t\t\t<div class=\"elementor-column-wrap elementor-element-populated\">\n\t\t\t\t\t\t\t<div class=\"elementor-widget-wrap\">\n\t\t\t\t\t\t<div class=\"elementor-element elementor-element-4474ae72 elementor-widget elementor-widget-heading\" data-id=\"4474ae72\" data-element_type=\"widget\" data-widget_type=\"heading.default\">\n\t\t\t\t<div class=\"elementor-widget-container\">\n\t\t\t<h2 class=\"elementor-heading-title elementor-size-default\">We need your help!<\/h2>\t\t<\/div>\n\t\t\t\t<\/div>\n\t\t\t\t<div class=\"elementor-element elementor-element-c3fe649 elementor-blockquote--skin-clean elementor-blockquote--align-center elementor-blockquote--button-color-official elementor-widget elementor-widget-blockquote\" data-id=\"c3fe649\" data-element_type=\"widget\" data-widget_type=\"blockquote.default\">\n\t\t\t\t<div class=\"elementor-widget-container\">\n\t\t\t\t\t<blockquote class=\"elementor-blockquote\">\n\t\t\t<p class=\"elementor-blockquote__content\">\n\t\t\t\tLove, joy & happiness \u2013 these are the gifts the children receive at the Afikim center. Not to mention \u2013 attention, kindness, a comforting atmosphere, academic help and, of course, a warm meal. \n\t\t\t<\/p>\n\t\t\t\t\t<\/blockquote>\n\t\t\t\t<\/div>\n\t\t\t\t<\/div>\n\t\t\t\t<div class=\"elementor-element elementor-element-1f924a89 elementor-align-justify elementor-widget__width-initial elementor-widget elementor-widget-button\" data-id=\"1f924a89\" data-element_type=\"widget\" data-widget_type=\"button.default\">\n\t\t\t\t<div class=\"elementor-widget-container\">\n\t\t\t\t\t<div class=\"elementor-button-wrapper\">\n\t\t\t<a href=\"https:\/\/afikim.org\/donate\/\" class=\"elementor-button-link elementor-button elementor-size-sm\" role=\"button\">\n\t\t\t\t\t\t<span class=\"elementor-button-content-wrapper\">\n\t\t\t\t\t\t<span class=\"elementor-button-text\">Donate today<\/span>\n\t\t<\/span>\n\t\t\t\t\t<\/a>\n\t\t<\/div>\n\t\t\t\t<\/div>\n\t\t\t\t<\/div>\n\t\t\t\t\t\t<\/div>\n\t\t\t\t\t<\/div>\n\t\t<\/div>\n\t\t\t\t\t\t\t\t<\/div>\n\t\t\t\t\t<\/div>\n\t\t<\/section>\n\t\t\t\t<\/div>\n\t\t<\/div>\n\t\t\t\t<\/div>\n\t\t\t\t<\/div>\n\t\t\t\t<\/div>\n\t\t\t\t\t\t<\/div>\n\t\t\t\t\t<\/div>\n\t\t<\/div>\n\t\t\t\t\t\t\t\t<\/div>\n\t\t\t\t\t<\/div>\n\t\t<\/section>\n\t\t\t\t<section class=\"elementor-section elementor-top-section elementor-element elementor-element-59d4d78 elementor-section-full_width elementor-section-height-default elementor-section-height-default\" data-id=\"59d4d78\" data-element_type=\"section\">\n\t\t\t\t\t\t<div class=\"elementor-container elementor-column-gap-default\">\n\t\t\t\t\t\t\t<div class=\"elementor-row\">\n\t\t\t\t\t<div class=\"elementor-column elementor-col-100 elementor-top-column elementor-element elementor-element-5346845d\" data-id=\"5346845d\" data-element_type=\"column\">\n\t\t\t<div class=\"elementor-column-wrap elementor-element-populated\">\n\t\t\t\t\t\t\t<div class=\"elementor-widget-wrap\">\n\t\t\t\t\t\t<div class=\"elementor-element elementor-element-463a4d90 elementor-widget elementor-widget-template\" data-id=\"463a4d90\" data-element_type=\"widget\" data-widget_type=\"template.default\">\n\t\t\t\t<div class=\"elementor-widget-container\">\n\t\t\t\t\t<div class=\"elementor-template\">\n\t\t\t\t\t<div data-elementor-type=\"section\" data-elementor-id=\"225\" class=\"elementor elementor-225\" data-elementor-settings=\"[]\">\n\t\t<div class=\"elementor-section-wrap\">\n\t\t\t\t\t<section class=\"elementor-section elementor-top-section elementor-element elementor-element-75b30fd7 elementor-section-boxed elementor-section-height-default elementor-section-height-default\" data-id=\"75b30fd7\" data-element_type=\"section\">\n\t\t\t\t\t\t<div class=\"elementor-container elementor-column-gap-default\">\n\t\t\t\t\t\t\t<div class=\"elementor-row\">\n\t\t\t\t\t<div class=\"elementor-column elementor-col-100 elementor-top-column elementor-element elementor-element-4364ef38\" data-id=\"4364ef38\" data-element_type=\"column\">\n\t\t\t<div class=\"elementor-column-wrap elementor-element-populated\">\n\t\t\t\t\t\t\t<div class=\"elementor-widget-wrap\">\n\t\t\t\t\t\t<div class=\"elementor-element elementor-element-1c13b848 elementor-widget__width-auto elementor-widget elementor-widget-heading\" data-id=\"1c13b848\" data-element_type=\"widget\" data-widget_type=\"heading.default\">\n\t\t\t\t<div class=\"elementor-widget-container\">\n\t\t\t<h2 class=\"elementor-heading-title elementor-size-default\">News &  Updates<\/h2>\t\t<\/div>\n\t\t\t\t<\/div>\n\t\t\t\t<div class=\"elementor-element elementor-element-72cce7f1 home-posts elementor-grid-3 elementor-grid-tablet-2 elementor-grid-mobile-1 elementor-posts--thumbnail-top elementor-widget elementor-widget-posts\" data-id=\"72cce7f1\" data-element_type=\"widget\" data-settings=\"{&quot;classic_row_gap&quot;:{&quot;unit&quot;:&quot;px&quot;,&quot;size&quot;:20,&quot;sizes&quot;:[]},&quot;classic_columns&quot;:&quot;3&quot;,&quot;classic_columns_tablet&quot;:&quot;2&quot;,&quot;classic_columns_mobile&quot;:&quot;1&quot;}\" data-widget_type=\"posts.classic\">\n\t\t\t\t<div class=\"elementor-widget-container\">\n\t\t\t\t\t<div class=\"elementor-posts-container elementor-posts elementor-posts--skin-classic elementor-grid\">\n\t\t\t\t<article class=\"elementor-post elementor-grid-item post-3348 post type-post status-publish format-standard has-post-thumbnail hentry category-news-fr\">\n\t\t\t\t<a class=\"elementor-post__thumbnail__link\" href=\"https:\/\/afikim.org\/fr\/un-chabbat-plein-dexception-a-la-grande-synagogue-de-la-victoire\/\" >\n\t\t\t<div class=\"elementor-post__thumbnail\"><img width=\"640\" height=\"427\" src=\"https:\/\/afikim.org\/wp-content\/uploads\/2020\/10\/0901.jpg\" class=\"attachment-full size-full\" alt=\"\" loading=\"lazy\" srcset=\"https:\/\/afikim.org\/wp-content\/uploads\/2020\/10\/0901.jpg 640w, https:\/\/afikim.org\/wp-content\/uploads\/2020\/10\/0901-600x400.jpg 600w, https:\/\/afikim.org\/wp-content\/uploads\/2020\/10\/0901-300x200.jpg 300w\" sizes=\"(max-width: 640px) 100vw, 640px\" \/><\/div>\n\t\t<\/a>\n\t\t\t\t<div class=\"elementor-post__text\">\n\t\t\t\t<h3 class=\"elementor-post__title\">\n\t\t\t<a href=\"https:\/\/afikim.org\/fr\/un-chabbat-plein-dexception-a-la-grande-synagogue-de-la-victoire\/\" >\n\t\t\t\tUn Chabbat plein d&rsquo;exception \u00e0 la Grande synagogue de la Victoire\t\t\t<\/a>\n\t\t<\/h3>\n\t\t\t\t<div class=\"elementor-post__meta-data\">\n\t\t\t\t\t<span class=\"elementor-post-date\">\n\t\t\toctobre 19, 2020\t\t<\/span>\n\t\t\t\t<\/div>\n\t\t\t\t\t<a class=\"elementor-post__read-more\" href=\"https:\/\/afikim.org\/fr\/un-chabbat-plein-dexception-a-la-grande-synagogue-de-la-victoire\/\" >\n\t\t\t\tRead More\t\t\t<\/a>\n\t\t\t\t<\/div>\n\t\t\t\t<\/article>\n\t\t\t\t<article class=\"elementor-post elementor-grid-item post-3347 post type-post status-publish format-standard has-post-thumbnail hentry category-news-fr\">\n\t\t\t\t<a class=\"elementor-post__thumbnail__link\" href=\"https:\/\/afikim.org\/fr\/a-la-memoire-de-rabbi-dr-azriel-abshil-ben-nahoum-et-pnina-kreiman-zal\/\" >\n\t\t\t<div class=\"elementor-post__thumbnail\"><img width=\"330\" height=\"230\" src=\"https:\/\/afikim.org\/wp-content\/uploads\/2020\/10\/0928-2.jpg\" class=\"attachment-full size-full\" alt=\"\" loading=\"lazy\" srcset=\"https:\/\/afikim.org\/wp-content\/uploads\/2020\/10\/0928-2.jpg 330w, https:\/\/afikim.org\/wp-content\/uploads\/2020\/10\/0928-2-300x209.jpg 300w\" sizes=\"(max-width: 330px) 100vw, 330px\" \/><\/div>\n\t\t<\/a>\n\t\t\t\t<div class=\"elementor-post__text\">\n\t\t\t\t<h3 class=\"elementor-post__title\">\n\t\t\t<a href=\"https:\/\/afikim.org\/fr\/a-la-memoire-de-rabbi-dr-azriel-abshil-ben-nahoum-et-pnina-kreiman-zal\/\" >\n\t\t\t\tA la m\u00e9moire de Rabbi Dr Azriel Abshil ben Nahoum et Pnina Kreiman \u00ab\u00a0zal\u00a0\u00bb\t\t\t<\/a>\n\t\t<\/h3>\n\t\t\t\t<div class=\"elementor-post__meta-data\">\n\t\t\t\t\t<span class=\"elementor-post-date\">\n\t\t\tjanvier 12, 2014\t\t<\/span>\n\t\t\t\t<\/div>\n\t\t\t\t\t<a class=\"elementor-post__read-more\" href=\"https:\/\/afikim.org\/fr\/a-la-memoire-de-rabbi-dr-azriel-abshil-ben-nahoum-et-pnina-kreiman-zal\/\" >\n\t\t\t\tRead More\t\t\t<\/a>\n\t\t\t\t<\/div>\n\t\t\t\t<\/article>\n\t\t\t\t<article class=\"elementor-post elementor-grid-item post-3353 post type-post status-publish format-standard has-post-thumbnail hentry category-news-fr\">\n\t\t\t\t<a class=\"elementor-post__thumbnail__link\" href=\"https:\/\/afikim.org\/fr\/concert-carlebach-a-boulogne\/\" >\n\t\t\t<div class=\"elementor-post__thumbnail\"><img width=\"640\" height=\"879\" src=\"https:\/\/afikim.org\/wp-content\/uploads\/2020\/10\/0808.jpg\" class=\"attachment-full size-full\" alt=\"\" loading=\"lazy\" srcset=\"https:\/\/afikim.org\/wp-content\/uploads\/2020\/10\/0808.jpg 640w, https:\/\/afikim.org\/wp-content\/uploads\/2020\/10\/0808-600x824.jpg 600w, https:\/\/afikim.org\/wp-content\/uploads\/2020\/10\/0808-218x300.jpg 218w\" sizes=\"(max-width: 640px) 100vw, 640px\" \/><\/div>\n\t\t<\/a>\n\t\t\t\t<div class=\"elementor-post__text\">\n\t\t\t\t<h3 class=\"elementor-post__title\">\n\t\t\t<a href=\"https:\/\/afikim.org\/fr\/concert-carlebach-a-boulogne\/\" >\n\t\t\t\tConcert Carlebach \u00e0 Boulogne\t\t\t<\/a>\n\t\t<\/h3>\n\t\t\t\t<div class=\"elementor-post__meta-data\">\n\t\t\t\t\t<span class=\"elementor-post-date\">\n\t\t\toctobre 18, 2012\t\t<\/span>\n\t\t\t\t<\/div>\n\t\t\t\t\t<a class=\"elementor-post__read-more\" href=\"https:\/\/afikim.org\/fr\/concert-carlebach-a-boulogne\/\" >\n\t\t\t\tRead More\t\t\t<\/a>\n\t\t\t\t<\/div>\n\t\t\t\t<\/article>\n\t\t\t\t<\/div>\n\t\t\t\t<\/div>\n\t\t\t\t<\/div>\n\t\t\t\t\t\t<\/div>\n\t\t\t\t\t<\/div>\n\t\t<\/div>\n\t\t\t\t\t\t\t\t<\/div>\n\t\t\t\t\t<\/div>\n\t\t<\/section>\n\t\t\t\t<\/div>\n\t\t<\/div>\n\t\t\t\t<\/div>\n\t\t\t\t<\/div>\n\t\t\t\t<\/div>\n\t\t\t\t\t\t<\/div>\n\t\t\t\t\t<\/div>\n\t\t<\/div>\n\t\t\t\t\t\t\t\t<\/div>\n\t\t\t\t\t<\/div>\n\t\t<\/section>\n\t\t\t\t\t\t<\/div>\n\t\t\t\t\t\t<\/div>\n\t\t\t\t\t<\/div>\n\t\t","protected":false},"excerpt":{"rendered":"<p>Lorem ipsum dolor sit amet, consectetur adipiscing elit, sed do eiusmod tempor incididunt ut labore et dolore magna aliqua. Ut enim ad minim veniam, quis<\/p>\n","protected":false},"author":5,"featured_media":0,"parent":2420,"menu_order":0,"comment_status":"closed","ping_status":"closed","template":"elementor_header_footer","meta":[],"_links":{"self":[{"href":"https:\/\/afikim.org\/fr\/wp-json\/wp\/v2\/pages\/2572"}],"collection":[{"href":"https:\/\/afikim.org\/fr\/wp-json\/wp\/v2\/pages"}],"about":[{"href":"https:\/\/afikim.org\/fr\/wp-json\/wp\/v2\/types\/page"}],"author":[{"embeddable":true,"href":"https:\/\/afikim.org\/fr\/wp-json\/wp\/v2\/users\/5"}],"replies":[{"embeddable":true,"href":"https:\/\/afikim.org\/fr\/wp-json\/wp\/v2\/comments?post=2572"}],"version-history":[{"count":2,"href":"https:\/\/afikim.org\/fr\/wp-json\/wp\/v2\/pages\/2572\/revisions"}],"predecessor-version":[{"id":4580,"href":"https:\/\/afikim.org\/fr\/wp-json\/wp\/v2\/pages\/2572\/revisions\/4580"}],"up":[{"embeddable":true,"href":"https:\/\/afikim.org\/fr\/wp-json\/wp\/v2\/pages\/2420"}],"wp:attachment":[{"href":"https:\/\/afikim.org\/fr\/wp-json\/wp\/v2\/media?parent=2572"}],"curies":[{"name":"wp","href":"https:\/\/api.w.org\/{rel}","templated":true}]}}